{"id":88,"date":"2021-11-20T16:50:08","date_gmt":"2021-11-20T14:50:08","guid":{"rendered":"https:\/\/www-dev.syde-consulting.ch\/?page_id=88"},"modified":"2024-09-14T14:04:01","modified_gmt":"2024-09-14T13:04:01","slug":"it-fuer-kleine-unternehmen-selbstaendige-vereine","status":"publish","type":"page","link":"https:\/\/syde-consulting.ch\/fr\/it-fuer-kleine-unternehmen-selbstaendige-vereine\/","title":{"rendered":"IT f\u00fcr Familien, Selbst\u00e4ndige, Vereine und KMU"},"content":{"rendered":"\n<div class=\"wp-block-columns is-layout-flex wp-container-core-columns-is-layout-9d6595d7 wp-block-columns-is-layout-flex\">\n<div class=\"wp-block-column is-layout-flow wp-block-column-is-layout-flow\" style=\"flex-basis:66.66%\">\n<h2 class=\"wp-block-heading\"><\/h2>\n\n\n\n<h3 class=\"wp-block-heading\">Kommunizieren<\/h3>\n\n\n\n<p><\/p>\n\n\n\n<ul class=\"wp-block-list\">\n<li>E-Mail<\/li>\n\n\n\n<li>sicherer Chat<\/li>\n\n\n\n<li>Gemeinsame Kalender<\/li>\n\n\n\n<li>Gemeinsame Kontakte<\/li>\n\n\n\n<li>Gemeinsame Aufgabenlisten<\/li>\n<\/ul>\n\n\n\n<div style=\"height:33px\" aria-hidden=\"true\" class=\"wp-block-spacer\"><\/div>\n\n\n\n<h3 class=\"wp-block-heading\">Dokumente und Inhalte erstellen<\/h3>\n\n\n\n<ul class=\"wp-block-list\">\n<li>Gemeinsame Dateiablage<\/li>\n\n\n\n<li>Office Software<\/li>\n\n\n\n<li>\u00f6ffentliche Website<\/li>\n\n\n\n<li>Bildergalerien + Fotoalben<\/li>\n\n\n\n<li>Videostreaming<\/li>\n\n\n\n<li>Umfragen<\/li>\n<\/ul>\n\n\n\n<div style=\"height:33px\" aria-hidden=\"true\" class=\"wp-block-spacer\"><\/div>\n\n\n\n<h3 class=\"wp-block-heading\">Kaufm\u00e4nnisches<\/h3>\n\n\n\n<ul class=\"wp-block-list\">\n<li>Projektzeiterfassung<\/li>\n\n\n\n<li>Rechnungsstellung<\/li>\n\n\n\n<li>Buchhaltung<\/li>\n<\/ul>\n\n\n\n<hr class=\"wp-block-separator has-css-opacity\" \/>\n\n\n\n<h2 class=\"wp-block-heading\">sicher &amp; privat<\/h2>\n\n\n\n<ul class=\"wp-block-list\">\n<li>selbst gehostet<\/li>\n\n\n\n<li>Open Source<\/li>\n\n\n\n<li>verschl\u00fcsselte Kommunikation<\/li>\n\n\n\n<li>ohne Google, Microsoft, Cisco &amp; Co.<\/li>\n<\/ul>\n<\/div>\n\n\n\n<div class=\"wp-block-column is-layout-flow wp-block-column-is-layout-flow\" style=\"flex-basis:33.33%\">\n<div class=\"wp-block-buttons is-layout-flex wp-block-buttons-is-layout-flex\"><\/div>\n<\/div>\n<\/div>\n","protected":false},"excerpt":{"rendered":"<p>Kommunizieren E-Mail sicherer Chat Gemeinsame Kalender Gemeinsame Kontakte Gemeinsame Aufgabenlisten Dokumente und Inhalte erstellen Gemeinsame Dateiablage Office Software \u00f6ffentliche Website Bildergalerien + Fotoalben Videostreaming Umfragen Kaufm\u00e4nnisches Projektzeiterfassung Rechnungsstellung Buchhaltung sicher &amp; privat selbst gehostet Open Source verschl\u00fcsselte Kommunikation ohne Google, Microsoft, Cisco &amp; Co.<\/p>\n","protected":false},"author":2,"featured_media":0,"parent":0,"menu_order":4,"comment_status":"closed","ping_status":"closed","template":"","meta":{"neve_meta_sidebar":"full-width","neve_meta_container":"","neve_meta_enable_content_width":"on","neve_meta_content_width":100,"neve_meta_title_alignment":"","neve_meta_author_avatar":"","neve_post_elements_order":"","neve_meta_disable_header":"","neve_meta_disable_footer":"off","neve_meta_disable_title":"","footnotes":""},"class_list":["post-88","page","type-page","status-publish","hentry"],"_links":{"self":[{"href":"https:\/\/syde-consulting.ch\/fr\/wp-json\/wp\/v2\/pages\/88","targetHints":{"allow":["GET"]}}],"collection":[{"href":"https:\/\/syde-consulting.ch\/fr\/wp-json\/wp\/v2\/pages"}],"about":[{"href":"https:\/\/syde-consulting.ch\/fr\/wp-json\/wp\/v2\/types\/page"}],"author":[{"embeddable":true,"href":"https:\/\/syde-consulting.ch\/fr\/wp-json\/wp\/v2\/users\/2"}],"replies":[{"embeddable":true,"href":"https:\/\/syde-consulting.ch\/fr\/wp-json\/wp\/v2\/comments?post=88"}],"version-history":[{"count":18,"href":"https:\/\/syde-consulting.ch\/fr\/wp-json\/wp\/v2\/pages\/88\/revisions"}],"predecessor-version":[{"id":428,"href":"https:\/\/syde-consulting.ch\/fr\/wp-json\/wp\/v2\/pages\/88\/revisions\/428"}],"wp:attachment":[{"href":"https:\/\/syde-consulting.ch\/fr\/wp-json\/wp\/v2\/media?parent=88"}],"curies":[{"name":"wp","href":"https:\/\/api.w.org\/{rel}","templated":true}]}}