{"id":372,"date":"2024-01-29T19:51:34","date_gmt":"2024-01-29T18:51:34","guid":{"rendered":"https:\/\/syde-consulting.ch\/?page_id=372"},"modified":"2024-01-29T19:51:34","modified_gmt":"2024-01-29T18:51:34","slug":"thankyou","status":"publish","type":"page","link":"https:\/\/syde-consulting.ch\/fr\/thankyou\/","title":{"rendered":"Vielen Dank - Thank you - Merci beaucoup !"},"content":{"rendered":"\n<div style=\"height:100px\" aria-hidden=\"true\" class=\"wp-block-spacer\"><\/div>\n\n\n\n<p>Ihre Nachricht wurde abgeschickt, wir kontaktieren Sie umgehend.<\/p>\n\n\n\n<p>Your message was submitted, we&rsquo;ll get back to you as soon as possible.<\/p>\n\n\n\n<p>Votre message a \u00e9t\u00e9 envoy\u00e9, nous vous contacterons d\u00e8s que possible.<\/p>\n\n\n\n<div style=\"height:100px\" aria-hidden=\"true\" class=\"wp-block-spacer\"><\/div>\n\n\n\n<p><a href=\"https:\/\/syde-consulting.ch\">zur\u00fcck zur Startseite &#8211; go to homepage &#8211; retour \u00e0 la page d&rsquo;accueil<\/a><\/p>\n","protected":false},"excerpt":{"rendered":"<p>Ihre Nachricht wurde abgeschickt, wir kontaktieren Sie umgehend. Your message was submitted, we&rsquo;ll get back to you as soon as possible. Votre message a \u00e9t\u00e9 envoy\u00e9, nous vous contacterons d\u00e8s que possible. zur\u00fcck zur Startseite &#8211; go to homepage &#8211; retour \u00e0 la page d&rsquo;accueil<\/p>\n","protected":false},"author":2,"featured_media":0,"parent":0,"menu_order":0,"comment_status":"closed","ping_status":"closed","template":"","meta":{"neve_meta_sidebar":"","neve_meta_container":"","neve_meta_enable_content_width":"","neve_meta_content_width":0,"neve_meta_title_alignment":"","neve_meta_author_avatar":"","neve_post_elements_order":"","neve_meta_disable_header":"","neve_meta_disable_footer":"","neve_meta_disable_title":"","footnotes":""},"class_list":["post-372","page","type-page","status-publish","hentry"],"_links":{"self":[{"href":"https:\/\/syde-consulting.ch\/fr\/wp-json\/wp\/v2\/pages\/372","targetHints":{"allow":["GET"]}}],"collection":[{"href":"https:\/\/syde-consulting.ch\/fr\/wp-json\/wp\/v2\/pages"}],"about":[{"href":"https:\/\/syde-consulting.ch\/fr\/wp-json\/wp\/v2\/types\/page"}],"author":[{"embeddable":true,"href":"https:\/\/syde-consulting.ch\/fr\/wp-json\/wp\/v2\/users\/2"}],"replies":[{"embeddable":true,"href":"https:\/\/syde-consulting.ch\/fr\/wp-json\/wp\/v2\/comments?post=372"}],"version-history":[{"count":3,"href":"https:\/\/syde-consulting.ch\/fr\/wp-json\/wp\/v2\/pages\/372\/revisions"}],"predecessor-version":[{"id":375,"href":"https:\/\/syde-consulting.ch\/fr\/wp-json\/wp\/v2\/pages\/372\/revisions\/375"}],"wp:attachment":[{"href":"https:\/\/syde-consulting.ch\/fr\/wp-json\/wp\/v2\/media?parent=372"}],"curies":[{"name":"wp","href":"https:\/\/api.w.org\/{rel}","templated":true}]}}