{"id":31,"date":"2021-05-31T10:01:15","date_gmt":"2021-05-31T08:01:15","guid":{"rendered":"https:\/\/www-dev.syde-consulting.ch\/?page_id=31"},"modified":"2024-05-17T10:33:25","modified_gmt":"2024-05-17T09:33:25","slug":"team","status":"publish","type":"page","link":"https:\/\/syde-consulting.ch\/fr\/team\/","title":{"rendered":"Team"},"content":{"rendered":"\n<figure class=\"wp-block-table is-style-regular\"><table class=\"has-fixed-layout\" style=\"border-style:none;border-width:0px\"><thead><tr><th class=\"has-text-align-center\" data-align=\"center\"><strong>Jochen Reinholdt<\/strong><br><strong>ICT Architektur &#8211; Trainings &#8211; ICT Projekte<\/strong><\/th><th class=\"has-text-align-center\" data-align=\"center\"><strong>Andreas Becker<\/strong><br><strong>ICT Architektur &#8211; Organisation &#8211; ICT Projekte<\/strong><\/th><\/tr><\/thead><tbody><tr><td class=\"has-text-align-center\" data-align=\"center\"><img loading=\"lazy\" decoding=\"async\" width=\"301\" height=\"386\" class=\"wp-image-43\" style=\"width: 150px\" src=\"https:\/\/www-dev.syde-consulting.ch\/wp-content\/uploads\/2021\/05\/JR-web.png\" alt=\"\" srcset=\"https:\/\/syde-consulting.ch\/wp-content\/uploads\/2021\/05\/JR-web.png 301w, https:\/\/syde-consulting.ch\/wp-content\/uploads\/2021\/05\/JR-web-234x300.png 234w\" sizes=\"auto, (max-width: 301px) 100vw, 301px\" \/><\/td><td class=\"has-text-align-center\" data-align=\"center\"><img loading=\"lazy\" decoding=\"async\" width=\"301\" height=\"386\" class=\"wp-image-44\" style=\"width: 150px\" src=\"https:\/\/www-dev.syde-consulting.ch\/wp-content\/uploads\/2021\/05\/AB-web.png\" alt=\"\" srcset=\"https:\/\/syde-consulting.ch\/wp-content\/uploads\/2021\/05\/AB-web.png 301w, https:\/\/syde-consulting.ch\/wp-content\/uploads\/2021\/05\/AB-web-234x300.png 234w\" sizes=\"auto, (max-width: 301px) 100vw, 301px\" \/><\/td><\/tr><\/tbody><\/table><\/figure>\n\n\n\n<figure class=\"wp-block-table is-style-stripes\"><table class=\"has-fixed-layout\"><thead><tr><th><strong>Fachliche Schwerpunkte<\/strong><\/th><th><strong>Fachliche Schwerpunkte<\/strong><\/th><\/tr><\/thead><tbody><tr><td><em>ICT Systemarchitektur<\/em><br>Balancierte Entwicklung von Software-Architekturen und Plattformen, ICT Systementwicklung, Gestaltung, Entwicklung, Einf\u00fchrung und Betrieb von Plattformen f\u00fcr Applikationen, Integration und Schnittstellen<br><br><em>ICT Service Management<\/em><br>Organisation von Betrieb und (Weiter-) Entwicklung betrieblicher IT, Service Strategie und Design<br><br><em>Projektleitung<\/em><br>bei Vorhaben mit technischem Charakter<br><br><br><br><br><br><br><br><br><br><br><\/td><td><em>Business Analyse und Engineering<\/em><br>Definition und Manage\u00adment von Anforderungen, Analyse und Modellierung von Organisationen und Systemen, Unternehmensarchitektur (TOGAF\u00ae 9 certified), Management von Ver\u00e4nderung und Transformation, Gesch\u00e4fts\u00adprozessmanagement, Qualit\u00e4tsmanagement, widerstandsf\u00e4hige Organisationen und kollektive Entscheidungsprozesse, Gesch\u00e4ftsmodelle, Strategieprozesse<br><br><em>Erstellung und Management von IT Services<\/em><br>Systemarchitektur, -entwicklung und \u2013integration, Systemmodellierung, Softwaretesting, Systematische und nachhaltige Gestaltung und Koordi\u00adnation der Produktentwicklung, IT-Projektleitung, Applikations\u00admanagement gem. ITILv3, Auswahl und Beschaffung von IT Services und IT Systemen, ERP Systeme, Konzepte im Identity und Access Management<br><br><em>Projektleitung<\/em><br>zertifiziert nach HERMES 5 Advanced, Ausbildung gem. IPMA<\/td><\/tr><\/tbody><\/table><\/figure>\n\n\n\n<figure class=\"wp-block-table is-style-stripes\"><table class=\"has-fixed-layout\"><thead><tr><th><strong>Branchenkompetenzen<\/strong><\/th><th><strong>Branchenkompetenzen<\/strong><\/th><\/tr><\/thead><tbody><tr><td>Banken<br>Versicherungen<br>Telekommunikation<br>ICT Produkt- und Dienstleistungsanbieter<br><br><br><br><br><\/td><td>Wertsch\u00f6pfungsprozesse in Handel &amp; Logistik<br>Verlage<br>Energiewirtschaft<br>Bildungswesen, Universit\u00e4ten und Hochschulen<br>Forschungseinrichtungen<br>\u00d6ffentliche Verwaltung<br>ICT Produkt- und Dienstleistungsanbieter<br>Versicherungen<br><\/td><\/tr><\/tbody><\/table><\/figure>\n\n\n\n<figure class=\"wp-block-table is-style-stripes\"><table class=\"has-fixed-layout\"><tbody><tr><td><\/td><td class=\"has-text-align-center\" data-align=\"center\"><em><sup><a href=\"https:\/\/collab.syde-consulting.ch\/s\/e5fTZzssQAWeKSS\" target=\"_blank\" rel=\"noreferrer noopener\">Hier klicken f\u00fcr vollst\u00e4ndige Profile<\/a><\/sup><\/em><\/td><\/tr><\/tbody><\/table><\/figure>\n","protected":false},"excerpt":{"rendered":"<p>Jochen ReinholdtICT Architektur &#8211; Trainings &#8211; ICT Projekte Andreas BeckerICT Architektur &#8211; Organisation &#8211; ICT Projekte Fachliche Schwerpunkte Fachliche Schwerpunkte ICT SystemarchitekturBalancierte Entwicklung von Software-Architekturen und Plattformen, ICT Systementwicklung, Gestaltung, Entwicklung, Einf\u00fchrung und Betrieb von Plattformen f\u00fcr Applikationen, Integration und Schnittstellen ICT Service ManagementOrganisation von Betrieb und (Weiter-) Entwicklung betrieblicher IT, Service Strategie und Design&hellip;&nbsp;<a href=\"https:\/\/syde-consulting.ch\/fr\/team\/\" rel=\"bookmark\">Lire la suite &raquo;<span class=\"screen-reader-text\">Team<\/span><\/a><\/p>\n","protected":false},"author":2,"featured_media":0,"parent":0,"menu_order":0,"comment_status":"closed","ping_status":"closed","template":"","meta":{"neve_meta_sidebar":"","neve_meta_container":"","neve_meta_enable_content_width":"","neve_meta_content_width":0,"neve_meta_title_alignment":"","neve_meta_author_avatar":"","neve_post_elements_order":"","neve_meta_disable_header":"","neve_meta_disable_footer":"","neve_meta_disable_title":"","footnotes":""},"class_list":["post-31","page","type-page","status-publish","hentry"],"_links":{"self":[{"href":"https:\/\/syde-consulting.ch\/fr\/wp-json\/wp\/v2\/pages\/31","targetHints":{"allow":["GET"]}}],"collection":[{"href":"https:\/\/syde-consulting.ch\/fr\/wp-json\/wp\/v2\/pages"}],"about":[{"href":"https:\/\/syde-consulting.ch\/fr\/wp-json\/wp\/v2\/types\/page"}],"author":[{"embeddable":true,"href":"https:\/\/syde-consulting.ch\/fr\/wp-json\/wp\/v2\/users\/2"}],"replies":[{"embeddable":true,"href":"https:\/\/syde-consulting.ch\/fr\/wp-json\/wp\/v2\/comments?post=31"}],"version-history":[{"count":18,"href":"https:\/\/syde-consulting.ch\/fr\/wp-json\/wp\/v2\/pages\/31\/revisions"}],"predecessor-version":[{"id":404,"href":"https:\/\/syde-consulting.ch\/fr\/wp-json\/wp\/v2\/pages\/31\/revisions\/404"}],"wp:attachment":[{"href":"https:\/\/syde-consulting.ch\/fr\/wp-json\/wp\/v2\/media?parent=31"}],"curies":[{"name":"wp","href":"https:\/\/api.w.org\/{rel}","templated":true}]}}