{"id":257,"date":"2021-11-28T22:28:52","date_gmt":"2021-11-28T21:28:52","guid":{"rendered":"https:\/\/syde-consulting.ch\/?page_id=257"},"modified":"2023-01-06T16:34:16","modified_gmt":"2023-01-06T15:34:16","slug":"nous-organisons-linformatique","status":"publish","type":"page","link":"https:\/\/syde-consulting.ch\/fr\/nous-organisons-linformatique\/","title":{"rendered":"Nous organisons l'informatique."},"content":{"rendered":"\n<div style=\"display: none;\" class=\"crellyslider-slider crellyslider-slider-full-width crellyslider-slider-syde-offer_fr crellyslider-3\" id=\"crellyslider-3\">\n<ul>\n<li\nstyle=\"\nbackground-color: transparent;\nbackground-image: none;\nbackground-position: center center;\nbackground-repeat: no-repeat;\nbackground-size: cover;\n\n\"\ndata-in=\"none\"\ndata-ease-in=\"300\"\ndata-out=\"none\"\ndata-ease-out=\"300\"\ndata-time=\"3000\"\n>\n<div\nclass=\"\"\nstyle=\"z-index: 2;\n\n\"\ndata-delay=\"0\"\ndata-ease-in=\"300\"\ndata-ease-out=\"300\"\ndata-in=\"fade\"\ndata-out=\"fade\"\ndata-ignore-ease-out=\"0\"\ndata-top=\"173\"\ndata-left=\"380\"\ndata-time=\"all\"\n><div style=\"text-align: center; line-height: inherit;\"><span style=\"font-family: arial black, sans-serif; font-size: 24px; color: #44423e;\">Strat\u00e9gie &amp; architecture<\/span><\/div>\n<br \/>\n<div style=\"text-align: center; line-height: inherit;\"><span style=\"font-family: arial black, sans-serif; font-size: 24px; color: #44423e;\">Utilisation et exploitation<br \/><\/span><\/div>\n<br \/>\n<div style=\"text-align: center; line-height: inherit;\"><span style=\"font-family: arial black, sans-serif; font-size: 24px; color: #44423e;\">Collaboration &amp; coordination<\/span><\/div><\/div>\n<img\nclass=\"\"\nsrc=\"https:\/\/syde-consulting.ch\/wp-content\/uploads\/2021\/05\/syde-logo-2021.png\"\nalt=\"\"\nstyle=\"\nz-index: 1;\n\n\"\ndata-delay=\"0\"\ndata-ease-in=\"300\"\ndata-ease-out=\"300\"\ndata-in=\"fade\"\ndata-out=\"fade\"\ndata-ignore-ease-out=\"0\"\ndata-top=\"134\"\ndata-left=\"122\"\ndata-time=\"all\"\n\/>\n<\/li>\n<li\nstyle=\"\nbackground-color: transparent;\nbackground-image: none;\nbackground-position: center center;\nbackground-repeat: no-repeat;\nbackground-size: cover;\n\n\"\ndata-in=\"fade\"\ndata-ease-in=\"300\"\ndata-out=\"fade\"\ndata-ease-out=\"300\"\ndata-time=\"5000\"\n>\n<img\nclass=\"\"\nsrc=\"https:\/\/syde-consulting.ch\/wp-content\/uploads\/2021\/11\/SA_triangle.png\"\nalt=\"\"\nstyle=\"\nz-index: 1;\n\n\"\ndata-delay=\"0\"\ndata-ease-in=\"300\"\ndata-ease-out=\"300\"\ndata-in=\"fade\"\ndata-out=\"fade\"\ndata-ignore-ease-out=\"0\"\ndata-top=\"0\"\ndata-left=\"472\"\ndata-time=\"all\"\n\/>\n<div\nclass=\"\"\nstyle=\"z-index: 1;\n\n\"\ndata-delay=\"0\"\ndata-ease-in=\"300\"\ndata-ease-out=\"300\"\ndata-in=\"fade\"\ndata-out=\"fade\"\ndata-ignore-ease-out=\"0\"\ndata-top=\"143\"\ndata-left=\"317\"\ndata-time=\"all\"\n><p><span style=\"font-size: 18px; font-family: arial, helvetica, sans-serif; color: #44423e;\">Gestion de l'architecture d'enterprise<br \/><\/span><\/p>\n<p><span style=\"font-size: 18px; font-family: arial, helvetica, sans-serif; color: #44423e;\">D\u00e9veloppement de strat\u00e9gies &amp; gestion des domaines d'activit\u00e9<br \/><\/span><\/p>\n<p><span style=\"font-size: 18px; font-family: arial, helvetica, sans-serif; color: #44423e;\">Concepts d'int\u00e9gration &amp; strat\u00e9gie technologique<\/span><\/p>\n<p><span style=\"font-size: 18px; font-family: arial, helvetica, sans-serif; color: #44423e;\">Gestion &amp; s\u00e9curit\u00e9 de l'information<\/span><\/p>\n<p><span style=\"font-size: 18px; font-family: arial, helvetica, sans-serif; color: #44423e;\">Gestion de portefeuille de projets<\/span><\/p><\/div>\n<div\nclass=\"\"\nstyle=\"z-index: 1;\n\n\"\ndata-delay=\"0\"\ndata-ease-in=\"300\"\ndata-ease-out=\"300\"\ndata-in=\"fade\"\ndata-out=\"fade\"\ndata-ignore-ease-out=\"0\"\ndata-top=\"0\"\ndata-left=\"409\"\ndata-time=\"all\"\n><span style=\"font-family: arial black, sans-serif; color: #44423e;\"><strong><span style=\"font-size: 24px;\">Strat\u00e9gie &amp; architecture<\/span><\/strong><\/span><\/div>\n<\/li>\n<li\nstyle=\"\nbackground-color: transparent;\nbackground-image: none;\nbackground-position: center center;\nbackground-repeat: no-repeat;\nbackground-size: cover;\n\n\"\ndata-in=\"fade\"\ndata-ease-in=\"300\"\ndata-out=\"fade\"\ndata-ease-out=\"300\"\ndata-time=\"5000\"\n>\n<div\nclass=\"\"\nstyle=\"z-index: 2;\n\n\"\ndata-delay=\"0\"\ndata-ease-in=\"300\"\ndata-ease-out=\"300\"\ndata-in=\"fade\"\ndata-out=\"fade\"\ndata-ignore-ease-out=\"0\"\ndata-top=\"0\"\ndata-left=\"402\"\ndata-time=\"all\"\n><span style=\"font-family: arial black, sans-serif; color: #44423e;\"><strong><span style=\"font-size: 24px;\">Utilisation et exploitation<\/span><\/strong><\/span><\/div>\n<div\nclass=\"\"\nstyle=\"z-index: 1;\n\n\"\ndata-delay=\"0\"\ndata-ease-in=\"300\"\ndata-ease-out=\"300\"\ndata-in=\"fade\"\ndata-out=\"fade\"\ndata-ignore-ease-out=\"0\"\ndata-top=\"169\"\ndata-left=\"319\"\ndata-time=\"all\"\n><p><span style=\"font-size: 18px; color: #44423e; font-family: arial, helvetica, sans-serif;\">Gestion des processus d'entreprise<\/span><\/p>\n<p><span style=\"font-size: 18px; color: #44423e; font-family: arial, helvetica, sans-serif;\">Gestion des services informatiques &amp; gestion des applications<\/span><\/p>\n<p><span style=\"font-size: 18px; color: #44423e; font-family: arial, helvetica, sans-serif;\">Gestion des donn\u00e9es de r\u00e9f\u00e9rence (Master Data Management)<\/span><\/p>\n<p><span style=\"font-size: 18px; color: #44423e; font-family: arial, helvetica, sans-serif;\">Int\u00e9grations de syst\u00e8mes<\/span><\/p>\n<p><span style=\"font-size: 18px; color: #44423e; font-family: arial, helvetica, sans-serif;\">Concepts de solutions<\/span><\/p>\n<p><span style=\"font-family: arial, helvetica, sans-serif; font-size: 18px; color: #44423e;\">Direction de projets<\/span><\/p><\/div>\n<img\nclass=\"\"\nsrc=\"https:\/\/syde-consulting.ch\/wp-content\/uploads\/2021\/11\/OR_triangle.png\"\nalt=\"\"\nstyle=\"\nz-index: 1;\n\n\"\ndata-delay=\"0\"\ndata-ease-in=\"300\"\ndata-ease-out=\"300\"\ndata-in=\"fade\"\ndata-out=\"fade\"\ndata-ignore-ease-out=\"0\"\ndata-top=\"0\"\ndata-left=\"472\"\ndata-time=\"all\"\n\/>\n<\/li>\n<li\nstyle=\"\nbackground-color: transparent;\nbackground-image: none;\nbackground-position: center center;\nbackground-repeat: no-repeat;\nbackground-size: cover;\n\n\"\ndata-in=\"fade\"\ndata-ease-in=\"300\"\ndata-out=\"fade\"\ndata-ease-out=\"300\"\ndata-time=\"5000\"\n>\n<div\nclass=\"\"\nstyle=\"z-index: 2;\n\n\"\ndata-delay=\"0\"\ndata-ease-in=\"300\"\ndata-ease-out=\"300\"\ndata-in=\"fade\"\ndata-out=\"fade\"\ndata-ignore-ease-out=\"0\"\ndata-top=\"20\"\ndata-left=\"380\"\ndata-time=\"all\"\n><span style=\"color: #44423e; font-family: arial black, sans-serif;\"><strong><span style=\"font-size: 24px;\">Collaboration &amp; coordination<\/span><\/strong><\/span><\/div>\n<img\nclass=\"\"\nsrc=\"https:\/\/syde-consulting.ch\/wp-content\/uploads\/2021\/11\/RG_Background.png\"\nalt=\"\"\nstyle=\"\nz-index: 1;\n\n\"\ndata-delay=\"0\"\ndata-ease-in=\"300\"\ndata-ease-out=\"300\"\ndata-in=\"fade\"\ndata-out=\"fade\"\ndata-ignore-ease-out=\"0\"\ndata-top=\"0\"\ndata-left=\"455\"\ndata-time=\"all\"\n\/>\n<div\nclass=\"\"\nstyle=\"z-index: 1;\n\n\"\ndata-delay=\"0\"\ndata-ease-in=\"300\"\ndata-ease-out=\"300\"\ndata-in=\"fade\"\ndata-out=\"fade\"\ndata-ignore-ease-out=\"0\"\ndata-top=\"196\"\ndata-left=\"397\"\ndata-time=\"all\"\n><p><span style=\"font-size: 18px; color: #44423e; font-family: arial, helvetica, sans-serif;\">D\u00e9finition de r\u00f4les et t\u00e2ches<br \/><\/span><\/p>\n<p><span style=\"font-size: 18px; color: #44423e; font-family: arial, helvetica, sans-serif;\">Proc\u00e9dures de collaboration &amp; coordination<\/span><\/p>\n<p><span style=\"font-size: 18px; color: #44423e; font-family: arial, helvetica, sans-serif;\">Outils de collaboration<br \/><\/span><\/p>\n<p><span style=\"font-size: 18px; color: #44423e; font-family: arial, helvetica, sans-serif;\">Gestion du changement organisationel<br \/><\/span><\/p><\/div>\n<\/li>\n<li\nstyle=\"\nbackground-color: transparent;\nbackground-image: none;\nbackground-position: center center;\nbackground-repeat: no-repeat;\nbackground-size: cover;\n\n\"\ndata-in=\"fade\"\ndata-ease-in=\"300\"\ndata-out=\"fade\"\ndata-ease-out=\"300\"\ndata-time=\"5000\"\n>\n<div\nclass=\"\"\nstyle=\"z-index: 2;\n\n\"\ndata-delay=\"0\"\ndata-ease-in=\"300\"\ndata-ease-out=\"300\"\ndata-in=\"fade\"\ndata-out=\"fade\"\ndata-ignore-ease-out=\"0\"\ndata-top=\"211\"\ndata-left=\"391\"\ndata-time=\"all\"\n><span style=\"font-family: arial black, sans-serif; color: #44423e;\"><strong><span style=\"font-size: 24px;\">efficace &amp; \u00e0 effet durable<br \/><\/span><\/strong><\/span><\/div>\n<img\nclass=\"\"\nsrc=\"https:\/\/syde-consulting.ch\/wp-content\/uploads\/2021\/11\/sr_cycle_full.png\"\nalt=\"\"\nstyle=\"\nz-index: 1;\n\n\"\ndata-delay=\"0\"\ndata-ease-in=\"300\"\ndata-ease-out=\"300\"\ndata-in=\"fade\"\ndata-out=\"fade\"\ndata-ignore-ease-out=\"0\"\ndata-top=\"191\"\ndata-left=\"446\"\ndata-time=\"all\"\n\/>\n<div\nclass=\"\"\nstyle=\"z-index: 3;\n\n\"\ndata-delay=\"0\"\ndata-ease-in=\"300\"\ndata-ease-out=\"300\"\ndata-in=\"fade\"\ndata-out=\"fade\"\ndata-ignore-ease-out=\"0\"\ndata-top=\"329\"\ndata-left=\"513\"\ndata-time=\"all\"\n><a href=\"https:\/\/syde-consulting.ch\/nos-principes-de-travail\/\">en savoir plus...<\/a><\/div>\n<\/li>\n<\/ul>\n<\/div>\n<script type=\"text\/javascript\">\n(function($) {\n$(document).ready(function() {\n$(\"#crellyslider-3\").crellySlider({\nlayout: 'full-width',\nresponsive: 1,\nstartWidth: 1140,\nstartHeight: 500,\nautomaticSlide: 1,\nshowControls: 1,\nshowNavigation: 1,\nenableSwipe: 1,\nshowProgressBar: 1,\npauseOnHover: 1,\nrandomOrder: 0,\nstartFromSlide: 0,\nbeforeStart : function() {},\nbeforeSetResponsive : function() {},\nbeforeSlideStart : function() {},\nbeforePause\t: function() {},\nbeforeResume : function() {},\n});\n});\n})(jQuery);\n<\/script>\n\n\n\n\n<p class=\"has-text-align-right\"><a rel=\"noreferrer noopener\" href=\"https:\/\/syde-consulting.ch\/nos-principes-de-travail\/\" target=\"_blank\"><strong>Nos principes de travail<\/strong><\/a><\/p>\n","protected":false},"excerpt":{"rendered":"<p>Strat\u00e9gie &amp; architecture Utilisation et exploitation Collaboration &amp; coordination Gestion de l&rsquo;architecture d&rsquo;enterprise D\u00e9veloppement de strat\u00e9gies &amp; gestion des domaines d&rsquo;activit\u00e9 Concepts d&rsquo;int\u00e9gration &amp; strat\u00e9gie technologique Gestion &amp; s\u00e9curit\u00e9 de l&rsquo;information Gestion de portefeuille de projets Strat\u00e9gie &amp; architecture Utilisation et exploitation Gestion des processus d&rsquo;entreprise Gestion des services informatiques &amp; gestion des applications Gestion&hellip;&nbsp;<a href=\"https:\/\/syde-consulting.ch\/fr\/nous-organisons-linformatique\/\" rel=\"bookmark\">Lire la suite &raquo;<span class=\"screen-reader-text\">Nous organisons l&rsquo;informatique.<\/span><\/a><\/p>\n","protected":false},"author":2,"featured_media":0,"parent":0,"menu_order":0,"comment_status":"closed","ping_status":"closed","template":"","meta":{"neve_meta_sidebar":"full-width","neve_meta_container":"","neve_meta_enable_content_width":"on","neve_meta_content_width":100,"neve_meta_title_alignment":"","neve_meta_author_avatar":"","neve_post_elements_order":"","neve_meta_disable_header":"","neve_meta_disable_footer":"","neve_meta_disable_title":"","footnotes":""},"class_list":["post-257","page","type-page","status-publish","hentry"],"_links":{"self":[{"href":"https:\/\/syde-consulting.ch\/fr\/wp-json\/wp\/v2\/pages\/257","targetHints":{"allow":["GET"]}}],"collection":[{"href":"https:\/\/syde-consulting.ch\/fr\/wp-json\/wp\/v2\/pages"}],"about":[{"href":"https:\/\/syde-consulting.ch\/fr\/wp-json\/wp\/v2\/types\/page"}],"author":[{"embeddable":true,"href":"https:\/\/syde-consulting.ch\/fr\/wp-json\/wp\/v2\/users\/2"}],"replies":[{"embeddable":true,"href":"https:\/\/syde-consulting.ch\/fr\/wp-json\/wp\/v2\/comments?post=257"}],"version-history":[{"count":3,"href":"https:\/\/syde-consulting.ch\/fr\/wp-json\/wp\/v2\/pages\/257\/revisions"}],"predecessor-version":[{"id":316,"href":"https:\/\/syde-consulting.ch\/fr\/wp-json\/wp\/v2\/pages\/257\/revisions\/316"}],"wp:attachment":[{"href":"https:\/\/syde-consulting.ch\/fr\/wp-json\/wp\/v2\/media?parent=257"}],"curies":[{"name":"wp","href":"https:\/\/api.w.org\/{rel}","templated":true}]}}