{"id":255,"date":"2021-11-28T22:23:22","date_gmt":"2021-11-28T21:23:22","guid":{"rendered":"https:\/\/syde-consulting.ch\/?page_id=255"},"modified":"2021-11-28T22:39:21","modified_gmt":"2021-11-28T21:39:21","slug":"nos-principes-de-travail","status":"publish","type":"page","link":"https:\/\/syde-consulting.ch\/fr\/nos-principes-de-travail\/","title":{"rendered":"Nos principes de travail"},"content":{"rendered":"\n<h2 class=\"wp-block-heading\">Orient\u00e9 aux cycles de vie<\/h2>\n\n\n\n<p>La conception, le d\u00e9veloppement et l&rsquo;exploitation efficaces et \u00e9conomiques de l&rsquo;organisation m\u00e9tier et des syst\u00e8mes d&rsquo;information n\u00e9cessitent une approche autant globale que pragmatique. Outre la qualit\u00e9 technique et la satisfaction des exigences des syst\u00e8mes TIC, la proc\u00e9dure d&rsquo;introduction et, le cas \u00e9ch\u00e9ant, de migration ont une grande influence sur la r\u00e9ussite des projets. Pendant la phase d&rsquo;eploitation, les processus de support et de d\u00e9veloppement ainsi que la maintenabilit\u00e9 du syst\u00e8me jouent un r\u00f4le de plus en plus important. La prise en compte syst\u00e9matique de ces nombreuses facettes d\u00e9j\u00e0 lors de la s\u00e9lection, de la cr\u00e9ation ou de l&rsquo;introduction de syst\u00e8mes TIC augmente consid\u00e9rablement les chances de succ\u00e8s et aide \u00e0 r\u00e9duire les co\u00fbts globaux.<\/p>\n\n\n\n<h2 class=\"wp-block-heading\">Organisations m\u00e9tier et informatique en tant que partenaires<\/h2>\n\n\n\n<p>Le bon fonctionnement de l&rsquo;organisation, prenant en compte les syst\u00e8mes informatiques ainsi que de leur int\u00e9gration dans l&rsquo;organisation, d\u00e9pend d&rsquo;une bonne coordination des exigences m\u00e9tier et techniques. Les principes de la mod\u00e9lisation des syst\u00e8mes informatiques (par exemple l&rsquo;orientation objet, la modularisation, l&rsquo;absence de redondance) sont applicable au niveau de l&rsquo;organisation et garantissent une r\u00e9partition claire des t\u00e2ches. Pour r\u00e9aliser cela, il est n\u00e9cessaire de bien d\u00e9finir les responsabilit\u00e9s entre les utilisateurs des syst\u00e8mes informatiques et les experts en technologie internes et externes. Sur cette base se met en place un \u00e9change r\u00e9gulier entre la direction strat\u00e9gique et les personnes charg\u00e9es de l&rsquo;ex\u00e9cution op\u00e9rationnelle : l&rsquo;ensemble des acteurs doivent comprendre les objectifs et agir autant que possible de mani\u00e8re autonome.<\/p>\n","protected":false},"excerpt":{"rendered":"<p>Orient\u00e9 aux cycles de vie La conception, le d\u00e9veloppement et l&rsquo;exploitation efficaces et \u00e9conomiques de l&rsquo;organisation m\u00e9tier et des syst\u00e8mes d&rsquo;information n\u00e9cessitent une approche autant globale que pragmatique. Outre la qualit\u00e9 technique et la satisfaction des exigences des syst\u00e8mes TIC, la proc\u00e9dure d&rsquo;introduction et, le cas \u00e9ch\u00e9ant, de migration ont une grande influence sur la&hellip;&nbsp;<a href=\"https:\/\/syde-consulting.ch\/fr\/nos-principes-de-travail\/\" rel=\"bookmark\">Lire la suite &raquo;<span class=\"screen-reader-text\">Nos principes de travail<\/span><\/a><\/p>\n","protected":false},"author":2,"featured_media":0,"parent":0,"menu_order":0,"comment_status":"closed","ping_status":"closed","template":"","meta":{"neve_meta_sidebar":"full-width","neve_meta_container":"","neve_meta_enable_content_width":"on","neve_meta_content_width":100,"neve_meta_title_alignment":"","neve_meta_author_avatar":"","neve_post_elements_order":"","neve_meta_disable_header":"","neve_meta_disable_footer":"","neve_meta_disable_title":"","footnotes":""},"class_list":["post-255","page","type-page","status-publish","hentry"],"_links":{"self":[{"href":"https:\/\/syde-consulting.ch\/fr\/wp-json\/wp\/v2\/pages\/255","targetHints":{"allow":["GET"]}}],"collection":[{"href":"https:\/\/syde-consulting.ch\/fr\/wp-json\/wp\/v2\/pages"}],"about":[{"href":"https:\/\/syde-consulting.ch\/fr\/wp-json\/wp\/v2\/types\/page"}],"author":[{"embeddable":true,"href":"https:\/\/syde-consulting.ch\/fr\/wp-json\/wp\/v2\/users\/2"}],"replies":[{"embeddable":true,"href":"https:\/\/syde-consulting.ch\/fr\/wp-json\/wp\/v2\/comments?post=255"}],"version-history":[{"count":1,"href":"https:\/\/syde-consulting.ch\/fr\/wp-json\/wp\/v2\/pages\/255\/revisions"}],"predecessor-version":[{"id":256,"href":"https:\/\/syde-consulting.ch\/fr\/wp-json\/wp\/v2\/pages\/255\/revisions\/256"}],"wp:attachment":[{"href":"https:\/\/syde-consulting.ch\/fr\/wp-json\/wp\/v2\/media?parent=255"}],"curies":[{"name":"wp","href":"https:\/\/api.w.org\/{rel}","templated":true}]}}