{"id":76,"date":"2021-06-22T11:03:05","date_gmt":"2021-06-22T09:03:05","guid":{"rendered":"https:\/\/www-dev.syde-consulting.ch\/?page_id=76"},"modified":"2025-03-23T22:09:16","modified_gmt":"2025-03-23T21:09:16","slug":"impressum-de","status":"publish","type":"page","link":"https:\/\/syde-consulting.ch\/en\/impressum-de\/","title":{"rendered":"Impressum"},"content":{"rendered":"\n<p><strong>Adresse<\/strong><\/p>\n\n\n\n<p>syde consulting GmbH<br>Laubholzstrasse 58<br>8703 Erlenbach<br>Schweiz<\/p>\n\n\n\n<p>F\u00fcr Nachrichten verwenden Sie bitte das <a href=\"https:\/\/syde-consulting.ch\/torro_form\/contact\/\" target=\"_blank\" rel=\"noreferrer noopener\">Kontaktformular<\/a>.<\/p>\n\n\n\n<p><\/p>\n\n\n\n<p><strong>Vertretungsberechtigte Person(en)<\/strong><\/p>\n\n\n\n<p>Andreas Becker<\/p>\n\n\n\n<p><\/p>\n\n\n\n<p><strong>Handelsregister-Eintrag<\/strong><\/p>\n\n\n\n<p>Eingetragener Firmenname: syde consulting GmbH<br>Handelsregister Nr: CHE-428.914.630<\/p>\n\n\n\n<p><\/p>\n\n\n\n<p><strong>Mehrwertsteuer-Nummer<\/strong><br>CHE-428.914.630<br><br><\/p>\n\n\n\n<p><strong>Haftungsausschluss<\/strong><\/p>\n\n\n\n<p>Die Autoren \u00fcbernehmen keinerlei Gew\u00e4hr hinsichtlich der inhaltlichen Richtigkeit, Genauigkeit, Aktualit\u00e4t, Zuverl\u00e4ssigkeit und Vollst\u00e4ndigkeit der Informationen.<\/p>\n\n\n\n<p>Haftungsanspr\u00fcche gegen die Autoren wegen Sch\u00e4den materieller oder immaterieller Art, welche aus dem Zugriff oder der Nutzung bzw. Nichtnutzung der ver\u00f6ffentlichten Informationen, durch Missbrauch der Verbindung oder durch technische St\u00f6rungen entstanden sind, werden ausgeschlossen.<\/p>\n\n\n\n<p>Alle Angebote sind unverbindlich. Die Autoren behalten es sich ausdr\u00fccklich vor, Teile der Seiten oder das gesamte Angebot ohne besondere Ank\u00fcndigung zu ver\u00e4ndern, zu erg\u00e4nzen, zu l\u00f6schen oder die Ver\u00f6ffentlichung zeitweise oder endg\u00fcltig einzustellen.<\/p>\n\n\n\n<p><\/p>\n\n\n\n<p><strong>Haftungsausschluss f\u00fcr Links<\/strong><\/p>\n\n\n\n<p>Verweise und Links auf Webseiten Dritter liegen ausserhalb unseres Verantwortungsbereichs. Es wird jegliche Verantwortung f\u00fcr solche Webseiten abgelehnt. Der Zugriff und die Nutzung solcher Webseiten erfolgen auf eigene Gefahr des jeweiligen Nutzers.<\/p>\n\n\n\n<p><\/p>\n\n\n\n<p><strong>Urheberrechte<\/strong><\/p>\n\n\n\n<p>Die Urheber- und alle anderen Rechte an Inhalten, Bildern, Fotos oder anderen Dateien auf dieser Website, geh\u00f6ren ausschliesslich der Firma <strong>syde consulting GmbH<\/strong> oder den speziell genannten Rechteinhabern. F\u00fcr die Reproduktion jeglicher Elemente ist die schriftliche Zustimmung des Urheberrechtstr\u00e4gers im Voraus einzuholen.<\/p>\n\n\n\n<p>Quelle: <a href=\"https:\/\/www.swissanwalt.ch\" target=\"_blank\" rel=\"noopener\">SwissAnwalt<\/a><\/p>\n","protected":false},"excerpt":{"rendered":"<p>Adresse syde consulting GmbHLaubholzstrasse 588703 ErlenbachSchweiz F\u00fcr Nachrichten verwenden Sie bitte das Kontaktformular. Vertretungsberechtigte Person(en) Andreas Becker Handelsregister-Eintrag Eingetragener Firmenname: syde consulting GmbHHandelsregister Nr: CHE-428.914.630 Mehrwertsteuer-NummerCHE-428.914.630 Haftungsausschluss Die Autoren \u00fcbernehmen keinerlei Gew\u00e4hr hinsichtlich der inhaltlichen Richtigkeit, Genauigkeit, Aktualit\u00e4t, Zuverl\u00e4ssigkeit und Vollst\u00e4ndigkeit der Informationen. Haftungsanspr\u00fcche gegen die Autoren wegen Sch\u00e4den materieller oder immaterieller Art, welche aus&hellip;&nbsp;<a href=\"https:\/\/syde-consulting.ch\/en\/impressum-de\/\" rel=\"bookmark\">Read More &raquo;<span class=\"screen-reader-text\">Impressum<\/span><\/a><\/p>\n","protected":false},"author":2,"featured_media":0,"parent":0,"menu_order":0,"comment_status":"closed","ping_status":"closed","template":"","meta":{"neve_meta_sidebar":"full-width","neve_meta_container":"","neve_meta_enable_content_width":"on","neve_meta_content_width":100,"neve_meta_title_alignment":"","neve_meta_author_avatar":"","neve_post_elements_order":"","neve_meta_disable_header":"","neve_meta_disable_footer":"","neve_meta_disable_title":"","footnotes":""},"class_list":["post-76","page","type-page","status-publish","hentry"],"_links":{"self":[{"href":"https:\/\/syde-consulting.ch\/en\/wp-json\/wp\/v2\/pages\/76","targetHints":{"allow":["GET"]}}],"collection":[{"href":"https:\/\/syde-consulting.ch\/en\/wp-json\/wp\/v2\/pages"}],"about":[{"href":"https:\/\/syde-consulting.ch\/en\/wp-json\/wp\/v2\/types\/page"}],"author":[{"embeddable":true,"href":"https:\/\/syde-consulting.ch\/en\/wp-json\/wp\/v2\/users\/2"}],"replies":[{"embeddable":true,"href":"https:\/\/syde-consulting.ch\/en\/wp-json\/wp\/v2\/comments?post=76"}],"version-history":[{"count":8,"href":"https:\/\/syde-consulting.ch\/en\/wp-json\/wp\/v2\/pages\/76\/revisions"}],"predecessor-version":[{"id":451,"href":"https:\/\/syde-consulting.ch\/en\/wp-json\/wp\/v2\/pages\/76\/revisions\/451"}],"wp:attachment":[{"href":"https:\/\/syde-consulting.ch\/en\/wp-json\/wp\/v2\/media?parent=76"}],"curies":[{"name":"wp","href":"https:\/\/api.w.org\/{rel}","templated":true}]}}