{"id":32,"date":"2021-05-31T10:01:15","date_gmt":"2021-05-31T08:01:15","guid":{"rendered":"https:\/\/www-dev.syde-consulting.ch\/?page_id=32"},"modified":"2021-11-28T22:41:07","modified_gmt":"2021-11-28T21:41:07","slug":"grundsaetze","status":"publish","type":"page","link":"https:\/\/syde-consulting.ch\/en\/grundsaetze\/","title":{"rendered":"Wie wir arbeiten"},"content":{"rendered":"\n<h2 class=\"wp-block-heading\">Lebenszyklus-Ansatz<\/h2>\n\n\n\n<p>Gesch\u00e4ftsorganisation und Informationssysteme wirksam und wirtschaftlich zu gestalten, zu entwickeln und zu betreiben erfordert eine ganzheitlich orientierte und gleichwohl pragmatische Herangehensweise. Neben der technischen Qualit\u00e4t und dem Grad der Anforderungserf\u00fcllung der ICT Systeme selbst hat das Vorgehen bei der Einf\u00fchrung und allenfalls Migration einen grossen Einfluss auf den Projekterfolg. Im weiteren Lebenszyklus spielen die Abl\u00e4ufe in Support und Weiterentwicklung sowie die Wartbarkeit des Systems eine immer gr\u00f6ssere Rolle. Die systematische Beachtung dieser zahlreichen Facetten schon bei Auswahl, Erstellung und Einf\u00fchrung von ICT-Systemen erh\u00f6ht die Erfolgschancen massgeblich und hilft, die Gesamtkosten erheblich zu senken.<\/p>\n\n\n\n<h2 class=\"wp-block-heading\">Business und ICT als Partner<\/h2>\n\n\n\n<p>Das gute Funktionieren des Gesamtsystems, bestehend aus den IT-Systemen sowie deren Einbettung in die Organisation, h\u00e4ngt von der gleichberechtigten Ber\u00fccksichtigung sowohl fachlicher als auch technischer Rahmenbedingungen ab. Prinzipien der Modellierung reiner ICT Systeme (z. B. Objektorientierung, Modularisierung, Redundanzfreiheit) lassen sich auch f\u00fcr die Gestaltung von Organisationen anwenden und sorgen f\u00fcr klare Aufgabenteilung und funktionierende Schnittstellen. Zur Erreichung dieses Ziels braucht es klare Zust\u00e4ndigkeiten zwischen Nutzenden der ICT Systeme und den internen und externen Lieferanten.<\/p>\n\n\n\n<h2 class=\"wp-block-heading\">Eigenverantwortung als Grundprinzip<\/h2>\n\n\n\n<p>Damit in der Praxis erfolgreiche Prozesse und Systeme entstehen k\u00f6nnen, ist ein intensiver Prozess zwischen Strategischer F\u00fchrung und operativ ausf\u00fchrenden Personen zu etablieren: alle sollen verstehen, worum es geht, und so weit wie m\u00f6glich eigenverantwortlich agieren. Es gilt, in einem bidirektionalen und zyklischen Prozess die strategische Vision einerseits und die operativen Herausforderungen andererseits zu verstehen, aufeinander abzustimmen und weiter zu entwickeln.<\/p>\n","protected":false},"excerpt":{"rendered":"<p>Lebenszyklus-Ansatz Gesch\u00e4ftsorganisation und Informationssysteme wirksam und wirtschaftlich zu gestalten, zu entwickeln und zu betreiben erfordert eine ganzheitlich orientierte und gleichwohl pragmatische Herangehensweise. Neben der technischen Qualit\u00e4t und dem Grad der Anforderungserf\u00fcllung der ICT Systeme selbst hat das Vorgehen bei der Einf\u00fchrung und allenfalls Migration einen grossen Einfluss auf den Projekterfolg. Im weiteren Lebenszyklus spielen die&hellip;&nbsp;<a href=\"https:\/\/syde-consulting.ch\/en\/grundsaetze\/\" rel=\"bookmark\">Read More &raquo;<span class=\"screen-reader-text\">Wie wir arbeiten<\/span><\/a><\/p>\n","protected":false},"author":2,"featured_media":0,"parent":0,"menu_order":0,"comment_status":"closed","ping_status":"closed","template":"","meta":{"neve_meta_sidebar":"","neve_meta_container":"","neve_meta_enable_content_width":"","neve_meta_content_width":0,"neve_meta_title_alignment":"","neve_meta_author_avatar":"","neve_post_elements_order":"","neve_meta_disable_header":"","neve_meta_disable_footer":"","neve_meta_disable_title":"","footnotes":""},"class_list":["post-32","page","type-page","status-publish","hentry"],"_links":{"self":[{"href":"https:\/\/syde-consulting.ch\/en\/wp-json\/wp\/v2\/pages\/32","targetHints":{"allow":["GET"]}}],"collection":[{"href":"https:\/\/syde-consulting.ch\/en\/wp-json\/wp\/v2\/pages"}],"about":[{"href":"https:\/\/syde-consulting.ch\/en\/wp-json\/wp\/v2\/types\/page"}],"author":[{"embeddable":true,"href":"https:\/\/syde-consulting.ch\/en\/wp-json\/wp\/v2\/users\/2"}],"replies":[{"embeddable":true,"href":"https:\/\/syde-consulting.ch\/en\/wp-json\/wp\/v2\/comments?post=32"}],"version-history":[{"count":4,"href":"https:\/\/syde-consulting.ch\/en\/wp-json\/wp\/v2\/pages\/32\/revisions"}],"predecessor-version":[{"id":164,"href":"https:\/\/syde-consulting.ch\/en\/wp-json\/wp\/v2\/pages\/32\/revisions\/164"}],"wp:attachment":[{"href":"https:\/\/syde-consulting.ch\/en\/wp-json\/wp\/v2\/media?parent=32"}],"curies":[{"name":"wp","href":"https:\/\/api.w.org\/{rel}","templated":true}]}}